{"id":788,"date":"2025-01-24T18:29:39","date_gmt":"2025-01-24T16:29:39","guid":{"rendered":"https:\/\/skilehrer.de\/?page_id=788"},"modified":"2025-01-24T18:33:40","modified_gmt":"2025-01-24T16:33:40","slug":"freude-am-skifahren","status":"publish","type":"page","link":"https:\/\/skilehrer.de\/?page_id=788","title":{"rendered":"Freude am Skifahren"},"content":{"rendered":"\n<p>Auch ohne Business-Events oder Digital Health \ud83d\ude42<br>Private, kleine oder gr\u00f6\u00dfere Runden k\u00f6nnen mit uns Skifahren oder Events vereinbaren. Wir sind im Winter 2024\/25 in ganz Tirol und Oberbayern unterwegs.<\/p>\n\n\n\n<figure class=\"wp-block-image size-large\"><a href=\"https:\/\/skilehrer.de\/wp-content\/uploads\/2025\/01\/IMG_8576-scaled.jpeg\"><img loading=\"lazy\" decoding=\"async\" width=\"1024\" height=\"768\" src=\"https:\/\/skilehrer.de\/wp-content\/uploads\/2025\/01\/IMG_8576-1024x768.jpeg\" alt=\"\" class=\"wp-image-789\" srcset=\"https:\/\/skilehrer.de\/wp-content\/uploads\/2025\/01\/IMG_8576-1024x768.jpeg 1024w, https:\/\/skilehrer.de\/wp-content\/uploads\/2025\/01\/IMG_8576-300x225.jpeg 300w, https:\/\/skilehrer.de\/wp-content\/uploads\/2025\/01\/IMG_8576-768x576.jpeg 768w, https:\/\/skilehrer.de\/wp-content\/uploads\/2025\/01\/IMG_8576-1536x1152.jpeg 1536w, https:\/\/skilehrer.de\/wp-content\/uploads\/2025\/01\/IMG_8576-2048x1536.jpeg 2048w, https:\/\/skilehrer.de\/wp-content\/uploads\/2025\/01\/IMG_8576-700x525.jpeg 700w\" sizes=\"auto, (max-width: 1024px) 100vw, 1024px\" \/><\/a><\/figure>\n","protected":false},"excerpt":{"rendered":"<p>Auch ohne Business-Events oder Digital Health \ud83d\ude42Private, kleine oder gr\u00f6\u00dfere Runden k\u00f6nnen mit uns Skifahren oder Events vereinbaren.<\/p>\n","protected":false},"author":1,"featured_media":790,"parent":0,"menu_order":0,"comment_status":"closed","ping_status":"closed","template":"","meta":{"footnotes":""},"class_list":["post-788","page","type-page","status-publish","has-post-thumbnail","hentry"],"_links":{"self":[{"href":"https:\/\/skilehrer.de\/index.php?rest_route=\/wp\/v2\/pages\/788","targetHints":{"allow":["GET"]}}],"collection":[{"href":"https:\/\/skilehrer.de\/index.php?rest_route=\/wp\/v2\/pages"}],"about":[{"href":"https:\/\/skilehrer.de\/index.php?rest_route=\/wp\/v2\/types\/page"}],"author":[{"embeddable":true,"href":"https:\/\/skilehrer.de\/index.php?rest_route=\/wp\/v2\/users\/1"}],"replies":[{"embeddable":true,"href":"https:\/\/skilehrer.de\/index.php?rest_route=%2Fwp%2Fv2%2Fcomments&post=788"}],"version-history":[{"count":2,"href":"https:\/\/skilehrer.de\/index.php?rest_route=\/wp\/v2\/pages\/788\/revisions"}],"predecessor-version":[{"id":798,"href":"https:\/\/skilehrer.de\/index.php?rest_route=\/wp\/v2\/pages\/788\/revisions\/798"}],"wp:featuredmedia":[{"embeddable":true,"href":"https:\/\/skilehrer.de\/index.php?rest_route=\/wp\/v2\/media\/790"}],"wp:attachment":[{"href":"https:\/\/skilehrer.de\/index.php?rest_route=%2Fwp%2Fv2%2Fmedia&parent=788"}],"curies":[{"name":"wp","href":"https:\/\/api.w.org\/{rel}","templated":true}]}}